{"id":37,"date":"2018-03-22T10:39:38","date_gmt":"2018-03-22T10:39:38","guid":{"rendered":"https:\/\/pleasurescapes.eu\/?page_id=37"},"modified":"2020-06-15T08:06:59","modified_gmt":"2020-06-15T08:06:59","slug":"science-hub","status":"publish","type":"page","link":"https:\/\/pleasurescapes.eu\/?page_id=37","title":{"rendered":"Output"},"content":{"rendered":"\n<h2 class=\"has-text-color wp-block-heading\" style=\"color:#ebb78a\">Communicating Pleasurescapes<\/h2>\n\n\n<p>We seek to communicate our findings both to the scientific community and to a broad public. Our specific case studies will be published in academic journals. As major output, we plan a joint touring exhibition on pleasurescapes in European port cities, which will target multiple audiences. The exhibition will be hosted by Museum f\u00fcr Hamburgische Geschichte, Museum Rotterdam, Museu d&#8217;Hist\u00f2ria de Barcelona, Sj\u00f6fartsmuseet Akvariet G\u00f6teborg and Museu de Lisboa. It will be accompanied by an international book publication and a theatre production. Finally, to document and deliver our research data to the pulic, we will establish an open access online database.<\/p>","protected":false},"excerpt":{"rendered":"<p>Communicating Pleasurescapes We seek to communicate our findings both to the scientific community and to a broad public. Our specific case studies will be published in academic journals. As major output, we plan a joint touring exhibition on pleasurescapes in European port cities, which will target multiple audiences. The exhibition will be hosted by Museum &hellip; <\/p>\n<p class=\"link-more\"><a href=\"https:\/\/pleasurescapes.eu\/?page_id=37\" class=\"more-link\"><span class=\"screen-reader-text\">\u201eOutput\u201c<\/span> weiterlesen<\/a><\/p>\n","protected":false},"author":1,"featured_media":0,"parent":0,"menu_order":0,"comment_status":"closed","ping_status":"closed","template":"","meta":{"footnotes":""},"class_list":["post-37","page","type-page","status-publish","hentry"],"_links":{"self":[{"href":"https:\/\/pleasurescapes.eu\/index.php?rest_route=\/wp\/v2\/pages\/37","targetHints":{"allow":["GET"]}}],"collection":[{"href":"https:\/\/pleasurescapes.eu\/index.php?rest_route=\/wp\/v2\/pages"}],"about":[{"href":"https:\/\/pleasurescapes.eu\/index.php?rest_route=\/wp\/v2\/types\/page"}],"author":[{"embeddable":true,"href":"https:\/\/pleasurescapes.eu\/index.php?rest_route=\/wp\/v2\/users\/1"}],"replies":[{"embeddable":true,"href":"https:\/\/pleasurescapes.eu\/index.php?rest_route=%2Fwp%2Fv2%2Fcomments&post=37"}],"version-history":[{"count":10,"href":"https:\/\/pleasurescapes.eu\/index.php?rest_route=\/wp\/v2\/pages\/37\/revisions"}],"predecessor-version":[{"id":1661,"href":"https:\/\/pleasurescapes.eu\/index.php?rest_route=\/wp\/v2\/pages\/37\/revisions\/1661"}],"wp:attachment":[{"href":"https:\/\/pleasurescapes.eu\/index.php?rest_route=%2Fwp%2Fv2%2Fmedia&parent=37"}],"curies":[{"name":"wp","href":"https:\/\/api.w.org\/{rel}","templated":true}]}}