{"id":796,"date":"2020-01-20T21:17:49","date_gmt":"2020-01-20T21:17:49","guid":{"rendered":"https:\/\/pleasurescapes.eu\/?page_id=796"},"modified":"2020-02-24T20:16:59","modified_gmt":"2020-02-24T20:16:59","slug":"dr-eduard-molner-closas","status":"publish","type":"page","link":"https:\/\/pleasurescapes.eu\/?page_id=796","title":{"rendered":"Dr. Eduard Molner Closas"},"content":{"rendered":"<p><img loading=\"lazy\" decoding=\"async\" class=\"alignnone wp-image-815 size-full\" src=\"https:\/\/pleasurescapes.eu\/wp-content\/uploads\/2020\/01\/People-EM_2.jpg\" alt=\"\" width=\"260\" height=\"260\" srcset=\"https:\/\/pleasurescapes.eu\/wp-content\/uploads\/2020\/01\/People-EM_2.jpg 260w, https:\/\/pleasurescapes.eu\/wp-content\/uploads\/2020\/01\/People-EM_2-150x150.jpg 150w, https:\/\/pleasurescapes.eu\/wp-content\/uploads\/2020\/01\/People-EM_2-100x100.jpg 100w\" sizes=\"auto, (max-width: 260px) 100vw, 260px\" \/><\/p>\n<p>Eduard holds a PhD in History and Degrees in Geography and Contemporary History from the University of Barcelona. He is also a postgraduate of cultural management (Pompeu Fabra University). Together with Xavier Albert\u00ed, he was the commissioner of the exhibition <i>Paral\u00b7lel 1894-1939 <\/i>at Center of Contemporary Culture of Barcelona, seen November 2012 to February 2013. He has participated in editorial projects of Enciclopedia Catalana and the Ramon Llull Institute and published in the Arts supplement of <i>La Vanguardia<\/i> and the magazines <i>Pausa, Hamlet, Aven\u00e7, BCN Metropolis, Serra d&#8217;Or<\/i>, <i>Altair<\/i> and the newspaper <i>Avui<\/i>. He is the author of the book &#8222;Sala Beckett 20 years&#8220; (2009) and co-author of the book &#8222;Carrer i escenari El Paral\u00b7lel 1892-1939&#8220; (2012). Besides, Eduard has produced two editions of the Festival de M\u00fasiques Contmepor\u00e0nies and has created programmes for theatres and theates festivals, among them Teatre Lliure, Grec Festival, Firat\u00e0rrega, Temporada Alta and the Institut del Teatre.<\/p>\n","protected":false},"excerpt":{"rendered":"<p>Eduard holds a PhD in History and Degrees in Geography and Contemporary History from the University of Barcelona. He is also a postgraduate of cultural management (Pompeu Fabra University). Together with Xavier Albert\u00ed, he was the commissioner of the exhibition Paral\u00b7lel 1894-1939 at Center of Contemporary Culture of Barcelona, seen November 2012 to February 2013. &hellip; <\/p>\n<p class=\"link-more\"><a href=\"https:\/\/pleasurescapes.eu\/?page_id=796\" class=\"more-link\"><span class=\"screen-reader-text\">\u201eDr. Eduard Molner Closas\u201c<\/span> weiterlesen<\/a><\/p>\n","protected":false},"author":1,"featured_media":0,"parent":0,"menu_order":0,"comment_status":"closed","ping_status":"closed","template":"","meta":{"footnotes":""},"class_list":["post-796","page","type-page","status-publish","hentry"],"_links":{"self":[{"href":"https:\/\/pleasurescapes.eu\/index.php?rest_route=\/wp\/v2\/pages\/796","targetHints":{"allow":["GET"]}}],"collection":[{"href":"https:\/\/pleasurescapes.eu\/index.php?rest_route=\/wp\/v2\/pages"}],"about":[{"href":"https:\/\/pleasurescapes.eu\/index.php?rest_route=\/wp\/v2\/types\/page"}],"author":[{"embeddable":true,"href":"https:\/\/pleasurescapes.eu\/index.php?rest_route=\/wp\/v2\/users\/1"}],"replies":[{"embeddable":true,"href":"https:\/\/pleasurescapes.eu\/index.php?rest_route=%2Fwp%2Fv2%2Fcomments&post=796"}],"version-history":[{"count":4,"href":"https:\/\/pleasurescapes.eu\/index.php?rest_route=\/wp\/v2\/pages\/796\/revisions"}],"predecessor-version":[{"id":1520,"href":"https:\/\/pleasurescapes.eu\/index.php?rest_route=\/wp\/v2\/pages\/796\/revisions\/1520"}],"wp:attachment":[{"href":"https:\/\/pleasurescapes.eu\/index.php?rest_route=%2Fwp%2Fv2%2Fmedia&parent=796"}],"curies":[{"name":"wp","href":"https:\/\/api.w.org\/{rel}","templated":true}]}}